{"id":20,"date":"2019-12-27T13:00:42","date_gmt":"2019-12-27T13:00:42","guid":{"rendered":"http:\/\/ramira.nl\/?page_id=20"},"modified":"2026-02-16T13:45:24","modified_gmt":"2026-02-16T12:45:24","slug":"psychiatrisch-verpleegkundige-begeleiding","status":"publish","type":"page","link":"https:\/\/ramira.nl\/staging\/psychiatrisch-verpleegkundige-begeleiding\/","title":{"rendered":"Verpleegkundige Zorg op Maat"},"content":{"rendered":"\t\t<div data-elementor-type=\"wp-page\" data-elementor-id=\"20\" class=\"elementor elementor-20\" data-elementor-post-type=\"page\">\n\t\t\t\t<div class=\"elementor-element elementor-element-9aa673a e-flex e-con-boxed e-con e-parent\" data-id=\"9aa673a\" data-element_type=\"container\" data-e-type=\"container\">\n\t\t\t\t\t<div class=\"e-con-inner\">\n\t\t\t\t<div class=\"elementor-element elementor-element-8e1ff23 elementor-widget elementor-widget-heading\" data-id=\"8e1ff23\" data-element_type=\"widget\" data-e-type=\"widget\" data-widget_type=\"heading.default\">\n\t\t\t\t\t<h2 class=\"elementor-heading-title elementor-size-default\">Ambulante Begeleiding<\/h2>\t\t\t\t<\/div>\n\t\t\t\t\t<\/div>\n\t\t\t\t<\/div>\n\t\t<div class=\"elementor-element elementor-element-5b96abb e-flex e-con-boxed e-con e-parent\" data-id=\"5b96abb\" data-element_type=\"container\" data-e-type=\"container\">\n\t\t\t\t\t<div class=\"e-con-inner\">\n\t\t<div class=\"elementor-element elementor-element-de7dd4a e-con-full e-flex e-con e-child\" data-id=\"de7dd4a\" data-element_type=\"container\" data-e-type=\"container\">\n\t\t\t\t<div class=\"elementor-element elementor-element-7fe29738 elementor-widget elementor-widget-text-editor\" data-id=\"7fe29738\" data-element_type=\"widget\" data-e-type=\"widget\" data-widget_type=\"text-editor.default\">\n\t\t\t\t\t\t\t\t\t\n<p>Ambulante Psychiatrisch Verpleegkundige Zorg op Maat voor wie met psychische problemen toch graag zelf de regie in eigen woonomgeving in de hand houdt. Daarbij wordt op een natuurlijke- en holistische manier gekeken naar de klachten, en van daaruit ook richtlijnen gegeven hoe beter om te kunnen gaan met die klachten. Indien gewenst kan ook behandeld worden door middel van magnetiseren.<br \/>Palliatieve Zorg voor wie, als de laatste levensfase is aangebroken door ziekte of leeftijd, in eigen huis en bij familie en geliefden wil blijven is er vanuit Ramira zorg om dat mogelijk te maken. <br \/><br \/>Begeleiding voor mensen met onder andere een Verstandelijke Beperking bij hen thuis of op locatie, maar ook begeleiding tijdens vakantie of een dagje uit behoort tot de mogelijkheden. Dat kan zijn: vakantie voor het hele gezin, als \u00e9\u00e9n van de gezinsleden verpleegkundige zorg of extra aandacht nodig heeft, en het gezin anders niet met elkaar op vakantie kan. Of: \u00e9\u00e9n-op-\u00e9\u00e9n begeleiding voor hen die vanwege een licht verstandelijke- of lichamelijke beperking net niet zelfstandig op vakantie kunnen.\u00a0<br \/><br \/>Tarieven:<br \/>Tarieven volgens de PGB-richtlijnen, te vinden op de site van Per Saldo. <br \/>Dit is voor 2026 \u20ac 84,99 voor een professionele zorgverlener. <br \/>Soms wordt er afgeweken van dit bedrag; alles in overleg.<\/p>\n\n<p><br \/><br \/><br \/><br \/><\/p>\n\t\t\t\t\t\t\t\t<\/div>\n\t\t\t\t<\/div>\n\t\t\t\t\t<\/div>\n\t\t\t\t<\/div>\n\t\t\t\t<\/div>\n\t\t","protected":false},"excerpt":{"rendered":"<p>Ambulante Begeleiding Ambulante Psychiatrisch Verpleegkundige Zorg op Maat voor wie met psychische problemen toch graag zelf de regie in eigen woonomgeving in de hand houdt. Daarbij wordt op een natuurlijke- en holistische manier gekeken naar de klachten, en van daaruit ook richtlijnen gegeven hoe beter om te kunnen gaan met die klachten. Indien gewenst kan [&hellip;]<\/p>\n","protected":false},"author":1,"featured_media":0,"parent":0,"menu_order":0,"comment_status":"closed","ping_status":"closed","template":"","meta":{"_exactmetrics_skip_tracking":false,"_exactmetrics_sitenote_active":false,"_exactmetrics_sitenote_note":"","_exactmetrics_sitenote_category":0,"footnotes":""},"class_list":["post-20","page","type-page","status-publish","hentry"],"yoast_head":"<!-- This site is optimized with the Yoast SEO plugin v27.0 - https:\/\/yoast.com\/product\/yoast-seo-wordpress\/ -->\n<title>Verpleegkundige Zorg op Maat - Ramira<\/title>\n<meta name=\"robots\" content=\"noindex, follow, max-snippet:-1, max-image-preview:large, max-video-preview:-1\" \/>\n<meta property=\"og:locale\" content=\"nl_NL\" \/>\n<meta property=\"og:type\" content=\"article\" \/>\n<meta property=\"og:title\" content=\"Verpleegkundige Zorg op Maat - Ramira\" \/>\n<meta property=\"og:description\" content=\"Ambulante Begeleiding Ambulante Psychiatrisch Verpleegkundige Zorg op Maat voor wie met psychische problemen toch graag zelf de regie in eigen woonomgeving in de hand houdt. Daarbij wordt op een natuurlijke- en holistische manier gekeken naar de klachten, en van daaruit ook richtlijnen gegeven hoe beter om te kunnen gaan met die klachten. Indien gewenst kan [&hellip;]\" \/>\n<meta property=\"og:url\" content=\"https:\/\/ramira.nl\/staging\/psychiatrisch-verpleegkundige-begeleiding\/\" \/>\n<meta property=\"og:site_name\" content=\"Ramira\" \/>\n<meta property=\"article:modified_time\" content=\"2026-02-16T12:45:24+00:00\" \/>\n<meta name=\"twitter:card\" content=\"summary_large_image\" \/>\n<meta name=\"twitter:label1\" content=\"Geschatte leestijd\" \/>\n\t<meta name=\"twitter:data1\" content=\"2 minuten\" \/>\n<script type=\"application\/ld+json\" class=\"yoast-schema-graph\">{\"@context\":\"https:\/\/schema.org\",\"@graph\":[{\"@type\":\"WebPage\",\"@id\":\"https:\/\/ramira.nl\/staging\/psychiatrisch-verpleegkundige-begeleiding\/\",\"url\":\"https:\/\/ramira.nl\/staging\/psychiatrisch-verpleegkundige-begeleiding\/\",\"name\":\"Verpleegkundige Zorg op Maat - Ramira\",\"isPartOf\":{\"@id\":\"https:\/\/ramira.nl\/staging\/#website\"},\"datePublished\":\"2019-12-27T13:00:42+00:00\",\"dateModified\":\"2026-02-16T12:45:24+00:00\",\"breadcrumb\":{\"@id\":\"https:\/\/ramira.nl\/staging\/psychiatrisch-verpleegkundige-begeleiding\/#breadcrumb\"},\"inLanguage\":\"nl-NL\",\"potentialAction\":[{\"@type\":\"ReadAction\",\"target\":[\"https:\/\/ramira.nl\/staging\/psychiatrisch-verpleegkundige-begeleiding\/\"]}]},{\"@type\":\"BreadcrumbList\",\"@id\":\"https:\/\/ramira.nl\/staging\/psychiatrisch-verpleegkundige-begeleiding\/#breadcrumb\",\"itemListElement\":[{\"@type\":\"ListItem\",\"position\":1,\"name\":\"Home\",\"item\":\"https:\/\/ramira.nl\/staging\/\"},{\"@type\":\"ListItem\",\"position\":2,\"name\":\"Verpleegkundige Zorg op Maat\"}]},{\"@type\":\"WebSite\",\"@id\":\"https:\/\/ramira.nl\/staging\/#website\",\"url\":\"https:\/\/ramira.nl\/staging\/\",\"name\":\"Ramira\",\"description\":\"\",\"publisher\":{\"@id\":\"https:\/\/ramira.nl\/staging\/#organization\"},\"potentialAction\":[{\"@type\":\"SearchAction\",\"target\":{\"@type\":\"EntryPoint\",\"urlTemplate\":\"https:\/\/ramira.nl\/staging\/?s={search_term_string}\"},\"query-input\":{\"@type\":\"PropertyValueSpecification\",\"valueRequired\":true,\"valueName\":\"search_term_string\"}}],\"inLanguage\":\"nl-NL\"},{\"@type\":\"Organization\",\"@id\":\"https:\/\/ramira.nl\/staging\/#organization\",\"name\":\"Ramira\",\"url\":\"https:\/\/ramira.nl\/staging\/\",\"logo\":{\"@type\":\"ImageObject\",\"inLanguage\":\"nl-NL\",\"@id\":\"https:\/\/ramira.nl\/staging\/#\/schema\/logo\/image\/\",\"url\":\"https:\/\/ramira.nl\/staging\/wp-content\/uploads\/2026\/02\/ramiralogo.png\",\"contentUrl\":\"https:\/\/ramira.nl\/staging\/wp-content\/uploads\/2026\/02\/ramiralogo.png\",\"width\":1099,\"height\":250,\"caption\":\"Ramira\"},\"image\":{\"@id\":\"https:\/\/ramira.nl\/staging\/#\/schema\/logo\/image\/\"}}]}<\/script>\n<!-- \/ Yoast SEO plugin. -->","yoast_head_json":{"title":"Verpleegkundige Zorg op Maat - Ramira","robots":{"index":"noindex","follow":"follow","max-snippet":"max-snippet:-1","max-image-preview":"max-image-preview:large","max-video-preview":"max-video-preview:-1"},"og_locale":"nl_NL","og_type":"article","og_title":"Verpleegkundige Zorg op Maat - Ramira","og_description":"Ambulante Begeleiding Ambulante Psychiatrisch Verpleegkundige Zorg op Maat voor wie met psychische problemen toch graag zelf de regie in eigen woonomgeving in de hand houdt. Daarbij wordt op een natuurlijke- en holistische manier gekeken naar de klachten, en van daaruit ook richtlijnen gegeven hoe beter om te kunnen gaan met die klachten. Indien gewenst kan [&hellip;]","og_url":"https:\/\/ramira.nl\/staging\/psychiatrisch-verpleegkundige-begeleiding\/","og_site_name":"Ramira","article_modified_time":"2026-02-16T12:45:24+00:00","twitter_card":"summary_large_image","twitter_misc":{"Geschatte leestijd":"2 minuten"},"schema":{"@context":"https:\/\/schema.org","@graph":[{"@type":"WebPage","@id":"https:\/\/ramira.nl\/staging\/psychiatrisch-verpleegkundige-begeleiding\/","url":"https:\/\/ramira.nl\/staging\/psychiatrisch-verpleegkundige-begeleiding\/","name":"Verpleegkundige Zorg op Maat - Ramira","isPartOf":{"@id":"https:\/\/ramira.nl\/staging\/#website"},"datePublished":"2019-12-27T13:00:42+00:00","dateModified":"2026-02-16T12:45:24+00:00","breadcrumb":{"@id":"https:\/\/ramira.nl\/staging\/psychiatrisch-verpleegkundige-begeleiding\/#breadcrumb"},"inLanguage":"nl-NL","potentialAction":[{"@type":"ReadAction","target":["https:\/\/ramira.nl\/staging\/psychiatrisch-verpleegkundige-begeleiding\/"]}]},{"@type":"BreadcrumbList","@id":"https:\/\/ramira.nl\/staging\/psychiatrisch-verpleegkundige-begeleiding\/#breadcrumb","itemListElement":[{"@type":"ListItem","position":1,"name":"Home","item":"https:\/\/ramira.nl\/staging\/"},{"@type":"ListItem","position":2,"name":"Verpleegkundige Zorg op Maat"}]},{"@type":"WebSite","@id":"https:\/\/ramira.nl\/staging\/#website","url":"https:\/\/ramira.nl\/staging\/","name":"Ramira","description":"","publisher":{"@id":"https:\/\/ramira.nl\/staging\/#organization"},"potentialAction":[{"@type":"SearchAction","target":{"@type":"EntryPoint","urlTemplate":"https:\/\/ramira.nl\/staging\/?s={search_term_string}"},"query-input":{"@type":"PropertyValueSpecification","valueRequired":true,"valueName":"search_term_string"}}],"inLanguage":"nl-NL"},{"@type":"Organization","@id":"https:\/\/ramira.nl\/staging\/#organization","name":"Ramira","url":"https:\/\/ramira.nl\/staging\/","logo":{"@type":"ImageObject","inLanguage":"nl-NL","@id":"https:\/\/ramira.nl\/staging\/#\/schema\/logo\/image\/","url":"https:\/\/ramira.nl\/staging\/wp-content\/uploads\/2026\/02\/ramiralogo.png","contentUrl":"https:\/\/ramira.nl\/staging\/wp-content\/uploads\/2026\/02\/ramiralogo.png","width":1099,"height":250,"caption":"Ramira"},"image":{"@id":"https:\/\/ramira.nl\/staging\/#\/schema\/logo\/image\/"}}]}},"_links":{"self":[{"href":"https:\/\/ramira.nl\/staging\/wp-json\/wp\/v2\/pages\/20","targetHints":{"allow":["GET"]}}],"collection":[{"href":"https:\/\/ramira.nl\/staging\/wp-json\/wp\/v2\/pages"}],"about":[{"href":"https:\/\/ramira.nl\/staging\/wp-json\/wp\/v2\/types\/page"}],"author":[{"embeddable":true,"href":"https:\/\/ramira.nl\/staging\/wp-json\/wp\/v2\/users\/1"}],"replies":[{"embeddable":true,"href":"https:\/\/ramira.nl\/staging\/wp-json\/wp\/v2\/comments?post=20"}],"version-history":[{"count":101,"href":"https:\/\/ramira.nl\/staging\/wp-json\/wp\/v2\/pages\/20\/revisions"}],"predecessor-version":[{"id":5122,"href":"https:\/\/ramira.nl\/staging\/wp-json\/wp\/v2\/pages\/20\/revisions\/5122"}],"wp:attachment":[{"href":"https:\/\/ramira.nl\/staging\/wp-json\/wp\/v2\/media?parent=20"}],"curies":[{"name":"wp","href":"https:\/\/api.w.org\/{rel}","templated":true}]}}